{"id":6972,"date":"2020-05-10T22:00:41","date_gmt":"2020-05-10T20:00:41","guid":{"rendered":"https:\/\/bouysset.fr\/manger-et-boire\/table-dhote\/"},"modified":"2020-07-25T12:44:24","modified_gmt":"2020-07-25T10:44:24","slug":"table-dhote","status":"publish","type":"page","link":"https:\/\/bouysset.fr\/fr\/manger-et-boire\/table-dhote\/","title":{"rendered":"Table d\u2019h\u00f4te"},"content":{"rendered":"<div id='full_slider_1'  class='avia-fullwidth-slider main_color avia-shadow   avia-builder-el-0  el_before_av_section  avia-builder-el-first   container_wrap fullsize'  ><div  class='avia-slideshow av-m27ny9-5fdb3fa17ddc04c5ffa6d08445ffdbc4 avia-slideshow-featured av_slideshow_full avia-fade-slider av-slideshow-ui av-control-default av-slideshow-autoplay av-loop-endless av-loop-manual-endless av-default-height-applied   avia-slideshow-1' data-slideshow-options=\"{&quot;animation&quot;:&quot;fade&quot;,&quot;autoplay&quot;:true,&quot;loop_autoplay&quot;:&quot;endless&quot;,&quot;interval&quot;:5,&quot;loop_manual&quot;:&quot;manual-endless&quot;,&quot;autoplay_stopper&quot;:false,&quot;noNavigation&quot;:false,&quot;bg_slider&quot;:false,&quot;keep_padding&quot;:false,&quot;hoverpause&quot;:false,&quot;show_slide_delay&quot;:0}\"  itemprop=\"image\" itemscope=\"itemscope\" itemtype=\"https:\/\/schema.org\/ImageObject\" ><ul class='avia-slideshow-inner ' style='padding-bottom: 28.666666666667%;'><li  class='avia-slideshow-slide av-m27ny9-5fdb3fa17ddc04c5ffa6d08445ffdbc4__0  slide-1 slide-odd'><div data-rel='slideshow-1' class='avia-slide-wrap '   ><img data-opt-id=470370770  decoding=\"async\" fetchpriority=\"high\" class=\"wp-image-5066 avia-img-lazy-loading-not-5066\"  src=\"https:\/\/mlttqp2obobx.i.optimole.com\/w:1500\/h:430\/q:mauto\/rt:fill\/g:ce\/f:best\/https:\/\/bouysset.fr\/wp-content\/uploads\/2018\/04\/Lunch.jpg\" width=\"1500\" height=\"430\" title='Lauwwarme geitenkaas' alt='Lauwwarme geitenkaas'  itemprop=\"thumbnailUrl\"   \/><\/div><\/li><li  class='avia-slideshow-slide av-m27ny9-5fdb3fa17ddc04c5ffa6d08445ffdbc4__1  slide-2 slide-even'><div data-rel='slideshow-1' class='avia-slide-wrap '   ><img data-opt-id=679215405  decoding=\"async\" fetchpriority=\"high\" class=\"wp-image-5108 avia-img-lazy-loading-not-5108\"  src=\"https:\/\/mlttqp2obobx.i.optimole.com\/w:1328\/h:430\/q:mauto\/f:best\/https:\/\/bouysset.fr\/wp-content\/uploads\/2018\/04\/IMG-20180425-WA0060.jpg\" width=\"1328\" height=\"430\" title='F\u00eate de mariage' alt='F\u00eate de mariage'  itemprop=\"thumbnailUrl\"   \/><\/div><\/li><li  class='avia-slideshow-slide av-m27ny9-5fdb3fa17ddc04c5ffa6d08445ffdbc4__2  slide-3 slide-odd'><div data-rel='slideshow-1' class='avia-slide-wrap '   ><img data-opt-id=967163600  data-opt-src=\"https:\/\/mlttqp2obobx.i.optimole.com\/w:1500\/h:430\/q:mauto\/rt:fill\/g:ce\/f:best\/https:\/\/bouysset.fr\/wp-content\/uploads\/2018\/04\/Lunch-hoofdgerecht-e1523291320332.jpg\"  decoding=\"async\"  class=\"wp-image-5070 avia-img-lazy-loading-not-5070\"  src=\"data:image/svg+xml,%3Csvg%20viewBox%3D%220%200%201500%20430%22%20width%3D%221500%22%20height%3D%22430%22%20xmlns%3D%22http%3A%2F%2Fwww.w3.org%2F2000%2Fsvg%22%3E%3Crect%20width%3D%221500%22%20height%3D%22430%22%20fill%3D%22transparent%22%2F%3E%3C%2Fsvg%3E\" width=\"1500\" height=\"430\" title='Gevulde kip in jasje van jambon cru met een groenterisotto' alt='Gevulde kip in jasje van jambon cru met een groenterisotto'  itemprop=\"thumbnailUrl\"   \/><\/div><\/li><li  class='avia-slideshow-slide av-m27ny9-5fdb3fa17ddc04c5ffa6d08445ffdbc4__3  slide-4 slide-even'><div data-rel='slideshow-1' class='avia-slide-wrap '   ><img data-opt-id=185513084  data-opt-src=\"https:\/\/mlttqp2obobx.i.optimole.com\/w:1500\/h:430\/q:mauto\/rt:fill\/g:ce\/f:best\/https:\/\/bouysset.fr\/wp-content\/uploads\/2017\/09\/5G6A2413.jpg\"  decoding=\"async\"  class=\"wp-image-3313 avia-img-lazy-loading-not-3313\"  src=\"data:image/svg+xml,%3Csvg%20viewBox%3D%220%200%201500%20430%22%20width%3D%221500%22%20height%3D%22430%22%20xmlns%3D%22http%3A%2F%2Fwww.w3.org%2F2000%2Fsvg%22%3E%3Crect%20width%3D%221500%22%20height%3D%22430%22%20fill%3D%22transparent%22%2F%3E%3C%2Fsvg%3E\" width=\"1500\" height=\"430\" title='5G6A2413' alt=''  itemprop=\"thumbnailUrl\"   \/><\/div><\/li><li  class='avia-slideshow-slide av-m27ny9-5fdb3fa17ddc04c5ffa6d08445ffdbc4__4  slide-5 slide-odd'><div data-rel='slideshow-1' class='avia-slide-wrap '   ><img data-opt-id=60915252  data-opt-src=\"https:\/\/mlttqp2obobx.i.optimole.com\/w:1500\/h:430\/q:mauto\/rt:fill\/g:ce\/f:best\/https:\/\/bouysset.fr\/wp-content\/uploads\/2017\/09\/IMG_9761.jpg\"  decoding=\"async\"  class=\"wp-image-3317 avia-img-lazy-loading-not-3317\"  src=\"data:image/svg+xml,%3Csvg%20viewBox%3D%220%200%201500%20430%22%20width%3D%221500%22%20height%3D%22430%22%20xmlns%3D%22http%3A%2F%2Fwww.w3.org%2F2000%2Fsvg%22%3E%3Crect%20width%3D%221500%22%20height%3D%22430%22%20fill%3D%22transparent%22%2F%3E%3C%2Fsvg%3E\" width=\"1500\" height=\"430\" title='IMG_9761' alt=''  itemprop=\"thumbnailUrl\"   \/><\/div><\/li><li  class='avia-slideshow-slide av-m27ny9-5fdb3fa17ddc04c5ffa6d08445ffdbc4__5  slide-6 slide-even'><div data-rel='slideshow-1' class='avia-slide-wrap '   ><img data-opt-id=1803951935  data-opt-src=\"https:\/\/mlttqp2obobx.i.optimole.com\/w:1032\/h:430\/q:mauto\/f:best\/https:\/\/bouysset.fr\/wp-content\/uploads\/2018\/06\/carpaccio-de-beverave-avec-fromage-chevre-tiede.jpg\"  decoding=\"async\"  class=\"wp-image-5699 avia-img-lazy-loading-not-5699\"  src=\"data:image/svg+xml,%3Csvg%20viewBox%3D%220%200%201032%20430%22%20width%3D%221032%22%20height%3D%22430%22%20xmlns%3D%22http%3A%2F%2Fwww.w3.org%2F2000%2Fsvg%22%3E%3Crect%20width%3D%221032%22%20height%3D%22430%22%20fill%3D%22transparent%22%2F%3E%3C%2Fsvg%3E\" width=\"1032\" height=\"430\" title='carpaccio de beverave avec fromage chevre tiede' alt=''  itemprop=\"thumbnailUrl\"   \/><\/div><\/li><li  class='avia-slideshow-slide av-m27ny9-5fdb3fa17ddc04c5ffa6d08445ffdbc4__6  slide-7 slide-odd'><div data-rel='slideshow-1' class='avia-slide-wrap '   ><img data-opt-id=514588567  data-opt-src=\"https:\/\/mlttqp2obobx.i.optimole.com\/w:1500\/h:430\/q:mauto\/rt:fill\/g:ce\/f:best\/https:\/\/bouysset.fr\/wp-content\/uploads\/2018\/06\/IMAG1292.jpg\"  decoding=\"async\"  class=\"wp-image-5600 avia-img-lazy-loading-not-5600\"  src=\"data:image/svg+xml,%3Csvg%20viewBox%3D%220%200%201500%20430%22%20width%3D%221500%22%20height%3D%22430%22%20xmlns%3D%22http%3A%2F%2Fwww.w3.org%2F2000%2Fsvg%22%3E%3Crect%20width%3D%221500%22%20height%3D%22430%22%20fill%3D%22transparent%22%2F%3E%3C%2Fsvg%3E\" width=\"1500\" height=\"430\" title='La belle vie' alt='La belle vie'  itemprop=\"thumbnailUrl\"   \/><\/div><\/li><li  class='avia-slideshow-slide av-m27ny9-5fdb3fa17ddc04c5ffa6d08445ffdbc4__7  slide-8 slide-even'><div data-rel='slideshow-1' class='avia-slide-wrap '   ><img data-opt-id=713366715  data-opt-src=\"https:\/\/mlttqp2obobx.i.optimole.com\/w:1500\/h:430\/q:mauto\/rt:fill\/g:ce\/f:best\/https:\/\/bouysset.fr\/wp-content\/uploads\/2018\/08\/20180803_135730_resized-002.jpg\"  decoding=\"async\"  class=\"wp-image-5828 avia-img-lazy-loading-not-5828\"  src=\"data:image/svg+xml,%3Csvg%20viewBox%3D%220%200%201500%20430%22%20width%3D%221500%22%20height%3D%22430%22%20xmlns%3D%22http%3A%2F%2Fwww.w3.org%2F2000%2Fsvg%22%3E%3Crect%20width%3D%221500%22%20height%3D%22430%22%20fill%3D%22transparent%22%2F%3E%3C%2Fsvg%3E\" width=\"1500\" height=\"430\" title='20180803_135730_resized (002)' alt=''  itemprop=\"thumbnailUrl\"   \/><\/div><\/li><li  class='avia-slideshow-slide av-m27ny9-5fdb3fa17ddc04c5ffa6d08445ffdbc4__8  slide-9 slide-odd'><div data-rel='slideshow-1' class='avia-slide-wrap '   ><img data-opt-id=1177074932  data-opt-src=\"https:\/\/mlttqp2obobx.i.optimole.com\/w:1032\/h:430\/q:mauto\/f:best\/https:\/\/bouysset.fr\/wp-content\/uploads\/2018\/08\/Hamburger-Bouysset-special.jpg\"  decoding=\"async\"  class=\"wp-image-5832 avia-img-lazy-loading-not-5832\"  src=\"data:image/svg+xml,%3Csvg%20viewBox%3D%220%200%201032%20430%22%20width%3D%221032%22%20height%3D%22430%22%20xmlns%3D%22http%3A%2F%2Fwww.w3.org%2F2000%2Fsvg%22%3E%3Crect%20width%3D%221032%22%20height%3D%22430%22%20fill%3D%22transparent%22%2F%3E%3C%2Fsvg%3E\" width=\"1032\" height=\"430\" title='Hamburger Bouysset special' alt=''  itemprop=\"thumbnailUrl\"   \/><\/div><\/li><li  class='avia-slideshow-slide av-m27ny9-5fdb3fa17ddc04c5ffa6d08445ffdbc4__9  slide-10 slide-even'><div data-rel='slideshow-1' class='avia-slide-wrap '   ><img data-opt-id=361756921  data-opt-src=\"https:\/\/mlttqp2obobx.i.optimole.com\/w:1500\/h:430\/q:mauto\/rt:fill\/g:ce\/f:best\/https:\/\/bouysset.fr\/wp-content\/uploads\/2018\/08\/IMG_2707.jpg\"  decoding=\"async\"  class=\"wp-image-5836 avia-img-lazy-loading-not-5836\"  src=\"data:image/svg+xml,%3Csvg%20viewBox%3D%220%200%201500%20430%22%20width%3D%221500%22%20height%3D%22430%22%20xmlns%3D%22http%3A%2F%2Fwww.w3.org%2F2000%2Fsvg%22%3E%3Crect%20width%3D%221500%22%20height%3D%22430%22%20fill%3D%22transparent%22%2F%3E%3C%2Fsvg%3E\" width=\"1500\" height=\"430\" title='IMG_2707' alt=''  itemprop=\"thumbnailUrl\"   \/><\/div><\/li><li  class='avia-slideshow-slide av-m27ny9-5fdb3fa17ddc04c5ffa6d08445ffdbc4__10  slide-11 slide-odd'><div data-rel='slideshow-1' class='avia-slide-wrap '   ><img data-opt-id=116871438  data-opt-src=\"https:\/\/mlttqp2obobx.i.optimole.com\/w:1500\/h:430\/q:mauto\/rt:fill\/g:ce\/f:best\/https:\/\/bouysset.fr\/wp-content\/uploads\/2019\/05\/IMG_2795.jpg\"  decoding=\"async\"  class=\"wp-image-6429 avia-img-lazy-loading-not-6429\"  src=\"data:image/svg+xml,%3Csvg%20viewBox%3D%220%200%201500%20430%22%20width%3D%221500%22%20height%3D%22430%22%20xmlns%3D%22http%3A%2F%2Fwww.w3.org%2F2000%2Fsvg%22%3E%3Crect%20width%3D%221500%22%20height%3D%22430%22%20fill%3D%22transparent%22%2F%3E%3C%2Fsvg%3E\" width=\"1500\" height=\"430\" title='Huitres' alt=''  itemprop=\"thumbnailUrl\"   \/><\/div><\/li><li  class='avia-slideshow-slide av-m27ny9-5fdb3fa17ddc04c5ffa6d08445ffdbc4__11  slide-12 slide-even'><div data-rel='slideshow-1' class='avia-slide-wrap '   ><img data-opt-id=318693983  data-opt-src=\"https:\/\/mlttqp2obobx.i.optimole.com\/w:1500\/h:430\/q:mauto\/rt:fill\/g:ce\/f:best\/https:\/\/bouysset.fr\/wp-content\/uploads\/2019\/05\/5G6A6288.jpg\"  decoding=\"async\"  class=\"wp-image-6433 avia-img-lazy-loading-not-6433\"  src=\"data:image/svg+xml,%3Csvg%20viewBox%3D%220%200%201500%20430%22%20width%3D%221500%22%20height%3D%22430%22%20xmlns%3D%22http%3A%2F%2Fwww.w3.org%2F2000%2Fsvg%22%3E%3Crect%20width%3D%221500%22%20height%3D%22430%22%20fill%3D%22transparent%22%2F%3E%3C%2Fsvg%3E\" width=\"1500\" height=\"430\" title='Bouysset herbes' alt=''  itemprop=\"thumbnailUrl\"   \/><\/div><\/li><li  class='avia-slideshow-slide av-m27ny9-5fdb3fa17ddc04c5ffa6d08445ffdbc4__12  slide-13 slide-odd'><div data-rel='slideshow-1' class='avia-slide-wrap '   ><img data-opt-id=1507180643  data-opt-src=\"https:\/\/mlttqp2obobx.i.optimole.com\/w:1500\/h:430\/q:mauto\/rt:fill\/g:ce\/f:best\/https:\/\/bouysset.fr\/wp-content\/uploads\/2019\/05\/20181030_124231_resized.jpg\"  decoding=\"async\"  class=\"wp-image-6437 avia-img-lazy-loading-not-6437\"  src=\"data:image/svg+xml,%3Csvg%20viewBox%3D%220%200%201500%20430%22%20width%3D%221500%22%20height%3D%22430%22%20xmlns%3D%22http%3A%2F%2Fwww.w3.org%2F2000%2Fsvg%22%3E%3Crect%20width%3D%221500%22%20height%3D%22430%22%20fill%3D%22transparent%22%2F%3E%3C%2Fsvg%3E\" width=\"1500\" height=\"430\" title='20181030_124231_resized' alt=''  itemprop=\"thumbnailUrl\"   \/><\/div><\/li><li  class='avia-slideshow-slide av-m27ny9-5fdb3fa17ddc04c5ffa6d08445ffdbc4__13  slide-14 slide-even'><div data-rel='slideshow-1' class='avia-slide-wrap '   ><img data-opt-id=1378004550  data-opt-src=\"https:\/\/mlttqp2obobx.i.optimole.com\/w:1500\/h:430\/q:mauto\/rt:fill\/g:ce\/f:best\/https:\/\/bouysset.fr\/wp-content\/uploads\/2019\/05\/20181028_125616.jpg\"  decoding=\"async\"  class=\"wp-image-6441 avia-img-lazy-loading-not-6441\"  src=\"data:image/svg+xml,%3Csvg%20viewBox%3D%220%200%201500%20430%22%20width%3D%221500%22%20height%3D%22430%22%20xmlns%3D%22http%3A%2F%2Fwww.w3.org%2F2000%2Fsvg%22%3E%3Crect%20width%3D%221500%22%20height%3D%22430%22%20fill%3D%22transparent%22%2F%3E%3C%2Fsvg%3E\" width=\"1500\" height=\"430\" title='20181028_125616' alt=''  itemprop=\"thumbnailUrl\"   \/><\/div><\/li><li  class='avia-slideshow-slide av-m27ny9-5fdb3fa17ddc04c5ffa6d08445ffdbc4__14  slide-15 slide-odd'><div data-rel='slideshow-1' class='avia-slide-wrap '   ><img data-opt-id=459853318  data-opt-src=\"https:\/\/mlttqp2obobx.i.optimole.com\/w:1500\/h:430\/q:mauto\/rt:fill\/g:ce\/f:best\/https:\/\/bouysset.fr\/wp-content\/uploads\/2020\/04\/IMG_3164.jpg\"  decoding=\"async\"  class=\"wp-image-6813 avia-img-lazy-loading-not-6813\"  src=\"data:image/svg+xml,%3Csvg%20viewBox%3D%220%200%201500%20430%22%20width%3D%221500%22%20height%3D%22430%22%20xmlns%3D%22http%3A%2F%2Fwww.w3.org%2F2000%2Fsvg%22%3E%3Crect%20width%3D%221500%22%20height%3D%22430%22%20fill%3D%22transparent%22%2F%3E%3C%2Fsvg%3E\" width=\"1500\" height=\"430\" title='IMG_3164' alt=''  itemprop=\"thumbnailUrl\"   \/><\/div><\/li><\/ul><div class='avia-slideshow-arrows avia-slideshow-controls' ><a href='#prev' class='prev-slide  avia-svg-icon avia-font-svg_entypo-fontello' data-av_svg_icon='left-open-big' data-av_iconset='svg_entypo-fontello' tabindex='-1' title=\"Pr\u00e9c\u00e9dent\"><svg version=\"1.1\" xmlns=\"http:\/\/www.w3.org\/2000\/svg\" width=\"15\" height=\"32\" viewBox=\"0 0 15 32\" preserveAspectRatio=\"xMidYMid meet\" aria-labelledby='av-svg-title-1' aria-describedby='av-svg-desc-1' role=\"graphics-symbol\" aria-hidden=\"true\">\n<title id='av-svg-title-1'>Pr\u00e9c\u00e9dent<\/title>\n<desc id='av-svg-desc-1'>Pr\u00e9c\u00e9dent<\/desc>\n<path d=\"M14.464 27.84q0.832 0.832 0 1.536-0.832 0.832-1.536 0l-12.544-12.608q-0.768-0.768 0-1.6l12.544-12.608q0.704-0.832 1.536 0 0.832 0.704 0 1.536l-11.456 11.904z\"><\/path>\n<\/svg><span class='avia_hidden_link_text'>Pr\u00e9c\u00e9dent<\/span><\/a><a href='#next' class='next-slide  avia-svg-icon avia-font-svg_entypo-fontello' data-av_svg_icon='right-open-big' data-av_iconset='svg_entypo-fontello' tabindex='-1' title=\"Suivant\"><svg version=\"1.1\" xmlns=\"http:\/\/www.w3.org\/2000\/svg\" width=\"15\" height=\"32\" viewBox=\"0 0 15 32\" preserveAspectRatio=\"xMidYMid meet\" aria-labelledby='av-svg-title-2' aria-describedby='av-svg-desc-2' role=\"graphics-symbol\" aria-hidden=\"true\">\n<title id='av-svg-title-2'>Suivant<\/title>\n<desc id='av-svg-desc-2'>Suivant<\/desc>\n<path d=\"M0.416 27.84l11.456-11.84-11.456-11.904q-0.832-0.832 0-1.536 0.832-0.832 1.536 0l12.544 12.608q0.768 0.832 0 1.6l-12.544 12.608q-0.704 0.832-1.536 0-0.832-0.704 0-1.536z\"><\/path>\n<\/svg><span class='avia_hidden_link_text'>Suivant<\/span><\/a><\/div><div class='avia-slideshow-dots avia-slideshow-controls'><a href='#1' class='goto-slide active' >1<\/a><a href='#2' class='goto-slide ' >2<\/a><a href='#3' class='goto-slide ' >3<\/a><a href='#4' class='goto-slide ' >4<\/a><a href='#5' class='goto-slide ' >5<\/a><a href='#6' class='goto-slide ' >6<\/a><a href='#7' class='goto-slide ' >7<\/a><a href='#8' class='goto-slide ' >8<\/a><a href='#9' class='goto-slide ' >9<\/a><a href='#10' class='goto-slide ' >10<\/a><a href='#11' class='goto-slide ' >11<\/a><a href='#12' class='goto-slide ' >12<\/a><a href='#13' class='goto-slide ' >13<\/a><a href='#14' class='goto-slide ' >14<\/a><a href='#15' class='goto-slide ' >15<\/a><\/div><\/div><\/div>\n<div id='av_section_1'  class='avia-section av-ab6jht-4d96074181ef2478dc3724c223d999ef main_color avia-section-default avia-no-shadow  avia-builder-el-1  el_after_av_slideshow_full  el_before_av_two_fifth  avia-bg-style-scroll container_wrap fullsize'  ><div class='container av-section-cont-open' ><div class='template-page content  av-content-full alpha units'><div class='post-entry post-entry-type-page post-entry-6972'><div class='entry-content-wrapper clearfix'>\n\n<style type=\"text\/css\" data-created_by=\"avia_inline_auto\" id=\"style-css-av-9mwwvl-7fc416305d42d84a5b1ab25b27581453\">\n.flex_column.av-9mwwvl-7fc416305d42d84a5b1ab25b27581453{\nborder-radius:0px 0px 0px 0px;\npadding:0px 0px 0px 0px;\n}\n<\/style>\n<div  class='flex_column av-9mwwvl-7fc416305d42d84a5b1ab25b27581453 av_two_third  avia-builder-el-2  el_before_av_one_third  avia-builder-el-first  first flex_column_div av-zero-column-padding  '     ><p>\n<style type=\"text\/css\" data-created_by=\"avia_inline_auto\" id=\"style-css-av-4083ox-651da0ac5c281752015f96018e7f3cd6\">\n#top .av-special-heading.av-4083ox-651da0ac5c281752015f96018e7f3cd6{\npadding-bottom:10px;\n}\nbody .av-special-heading.av-4083ox-651da0ac5c281752015f96018e7f3cd6 .av-special-heading-tag .heading-char{\nfont-size:25px;\n}\n.av-special-heading.av-4083ox-651da0ac5c281752015f96018e7f3cd6 .av-subheading{\nfont-size:15px;\n}\n<\/style>\n<div  class='av-special-heading av-4083ox-651da0ac5c281752015f96018e7f3cd6 av-special-heading-h3 blockquote modern-quote  avia-builder-el-3  el_before_av_textblock  avia-builder-el-first '><h3 class='av-special-heading-tag '  itemprop=\"headline\"  >\u00c0 table chez Erik <span class='special_amp'>&amp;<\/span> Eus<\/h3><div class=\"special-heading-border\"><div class=\"special-heading-inner-border\"><\/div><\/div><\/div><br \/>\n<section  class='av_textblock_section av-5xw16p-e8f4b4f2bcec2d077eace3bc4510f432 '   itemscope=\"itemscope\" itemtype=\"https:\/\/schema.org\/CreativeWork\" ><div class='avia_textblock'  itemprop=\"text\" ><p>Tous les h\u00f4tes du Bouysset peuvent faire le choix de manger quelques soirs au domaine. Table d&rsquo;h\u00f4tes \u00ab\u00a0\u00e0 la bonne franquette\u00a0\u00bb. Ambiance conviviale avec des produits frais de la r\u00e9gion\u00a0! C&rsquo;est le moment id\u00e9al pour \u00e9changer des id\u00e9es de visite ou de profiter tout simplement du repas. Vous pr\u00e9f\u00e9rez manger en couple\u00a0? C&rsquo;est possible \u00e9galement. Nous proposons un menu \u00e0 la semaine, donc vous aurez la possibilit\u00e9 de nous donner en amont vos souhaits ou vos plats pr\u00e9f\u00e9r\u00e9s. Les tarifs sont variables selon les menus.<\/p>\n\n<\/div><\/section><br \/>\n<section  class='av_textblock_section av-ji35o594-f31c1d721afe77771376c35eb8dcea9c '   itemscope=\"itemscope\" itemtype=\"https:\/\/schema.org\/CreativeWork\" ><div class='avia_textblock'  itemprop=\"text\" ><p>Si vous souhaitez changer d&rsquo;endroit et de cuisine, dans les Environs de Bouysset, vous pouvez trouver de tr\u00e8s bons restaurants. En p\u00e9riode d&rsquo;hiver, renseignez-vous d&rsquo;avance, pas tous les restaurants sont ouverts tous les jours. Demandez nous notre liste de restaurants r\u00e9guli\u00e8rement mise \u00e0 jour.<\/p>\n<\/div><\/section><br \/>\n<\/p><\/div>\n<style type=\"text\/css\" data-created_by=\"avia_inline_auto\" id=\"style-css-av-4cgk69-b78c2bee06bec9600e1b44fca1868bf5\">\n.flex_column.av-4cgk69-b78c2bee06bec9600e1b44fca1868bf5{\nborder-radius:0px 0px 0px 0px;\npadding:2% 2% 2% 2%;\nbackground:url(https:\/\/mlttqp2obobx.i.optimole.com\/w:1030\/h:1030\/q:mauto\/f:best\/https:\/\/bouysset.fr\/wp-content\/uploads\/2017\/07\/Logo_bouysset-Transparant-achtergrond-1.png) 50% 50% no-repeat scroll #f4f4ed;\n}\n<\/style>\n<div  class='flex_column av-4cgk69-b78c2bee06bec9600e1b44fca1868bf5 av_one_third  avia-builder-el-7  el_after_av_two_third  avia-builder-el-last  flex_column_div avia-full-contain  '     ><div  class='avia-builder-widget-area clearfix  avia-builder-el-8  avia-builder-el-no-sibling '><section id=\"text-15\" class=\"widget clearfix widget_text\"><h3 class=\"widgettitle\">Boek hier uw verblijf<\/h3>\t\t\t<div class=\"textwidget\"><p>Voici un bouton pour passer \u00e0 la nuit de page.<\/p>\n<\/div>\n\t\t<span class=\"seperator extralight-border\"><\/span><\/section><\/div><\/div><\/div><\/div><\/div><!-- close content main div --><\/div><\/div><div id='after_section_1'  class='main_color av_default_container_wrap container_wrap fullsize'  ><div class='container av-section-cont-open' ><div class='template-page content  av-content-full alpha units'><div class='post-entry post-entry-type-page post-entry-6972'><div class='entry-content-wrapper clearfix'>\n<style type=\"text\/css\" data-created_by=\"avia_inline_auto\" id=\"style-css-av-36usf5-e6370af32ff0e4bcdacfa07dc7b40197\">\n.flex_column.av-36usf5-e6370af32ff0e4bcdacfa07dc7b40197{\nborder-radius:0px 0px 0px 0px;\npadding:0px 0px 0px 0px;\n}\n<\/style>\n<div  class='flex_column av-36usf5-e6370af32ff0e4bcdacfa07dc7b40197 av_two_fifth  avia-builder-el-9  el_after_av_section  avia-builder-el-no-sibling  first flex_column_div av-zero-column-padding  '     ><\/div><\/p>\n","protected":false},"excerpt":{"rendered":"","protected":false},"author":7,"featured_media":0,"parent":3682,"menu_order":0,"comment_status":"open","ping_status":"closed","template":"","meta":{"_seopress_robots_primary_cat":"","_seopress_titles_title":"","_seopress_titles_desc":"Tous les h\u00f4tes du Bouysset peuvent faire le choix de manger quelques soirs au domaine. Table d'h\u00f4tes \u00ab\u00a0\u00e0 la bonne franquette\u00a0\u00bb.","_seopress_robots_index":"","footnotes":""},"class_list":["post-6972","page","type-page","status-publish","hentry"],"_links":{"self":[{"href":"https:\/\/bouysset.fr\/fr\/wp-json\/wp\/v2\/pages\/6972","targetHints":{"allow":["GET"]}}],"collection":[{"href":"https:\/\/bouysset.fr\/fr\/wp-json\/wp\/v2\/pages"}],"about":[{"href":"https:\/\/bouysset.fr\/fr\/wp-json\/wp\/v2\/types\/page"}],"author":[{"embeddable":true,"href":"https:\/\/bouysset.fr\/fr\/wp-json\/wp\/v2\/users\/7"}],"replies":[{"embeddable":true,"href":"https:\/\/bouysset.fr\/fr\/wp-json\/wp\/v2\/comments?post=6972"}],"version-history":[{"count":3,"href":"https:\/\/bouysset.fr\/fr\/wp-json\/wp\/v2\/pages\/6972\/revisions"}],"predecessor-version":[{"id":7235,"href":"https:\/\/bouysset.fr\/fr\/wp-json\/wp\/v2\/pages\/6972\/revisions\/7235"}],"up":[{"embeddable":true,"href":"https:\/\/bouysset.fr\/fr\/wp-json\/wp\/v2\/pages\/3682"}],"wp:attachment":[{"href":"https:\/\/bouysset.fr\/fr\/wp-json\/wp\/v2\/media?parent=6972"}],"curies":[{"name":"wp","href":"https:\/\/api.w.org\/{rel}","templated":true}]}}