{"id":8401,"date":"2022-01-10T17:25:08","date_gmt":"2022-01-10T16:25:08","guid":{"rendered":"https:\/\/bouysset.fr\/dormir\/emplacement-belle-vue\/"},"modified":"2022-01-10T17:25:09","modified_gmt":"2022-01-10T16:25:09","slug":"emplacement-belle-vue","status":"publish","type":"page","link":"https:\/\/bouysset.fr\/fr\/dormir\/emplacement-belle-vue\/","title":{"rendered":"Emplacement Belle Vue"},"content":{"rendered":"<div id='av_section_1'  class='avia-section av-4unkik-4b140a92b6ffbad78ccf9867451bcccb main_color avia-section-small avia-no-shadow  avia-builder-el-0  avia-builder-el-no-sibling  avia-bg-style-scroll container_wrap fullsize'  ><div class='container av-section-cont-open' ><main  role=\"main\" itemprop=\"mainContentOfPage\"  class='template-page content  av-content-full alpha units'><div class='post-entry post-entry-type-page post-entry-8401'><div class='entry-content-wrapper clearfix'>\n<div class='flex_column_table av-4qkph8-425e73497146b80060251eb649f429b6 sc-av_two_third av-equal-height-column-flextable'>\n<style type=\"text\/css\" data-created_by=\"avia_inline_auto\" id=\"style-css-av-4qkph8-425e73497146b80060251eb649f429b6\">\n.flex_column.av-4qkph8-425e73497146b80060251eb649f429b6{\nborder-radius:0px 0px 0px 0px;\npadding:0px 0px 0px 0px;\n}\n<\/style>\n<div  class='flex_column av-4qkph8-425e73497146b80060251eb649f429b6 av_two_third  avia-builder-el-1  el_before_av_one_third  avia-builder-el-first  first flex_column_table_cell av-equal-height-column av-align-top av-zero-column-padding  '     ><p><section  class='av_textblock_section av-gajms-6c56a2876dfa91d576782bcd60dd372e '   itemscope=\"itemscope\" itemtype=\"https:\/\/schema.org\/CreativeWork\" ><div class='avia_textblock'  itemprop=\"text\" ><p>Vous voyagez avec une caravane, un camping-car ou une tente ? Vous cherchez une borne de recharge pour votre voiture \u00e9lectrique ? Bienvenue ! Nous vous laissons profiter de notre beau domaine. Sur, nous pensons, le plus bel endroit il y a une possibilit\u00e9 de placer une caravane, un camping-car ou une tente. Si vous vous occupez d&rsquo;une rallonge\/prise, vous pouvez vous brancher chez nous. Le silence, l&rsquo;absence de pollution lumineuse, donc les nuits sombres vous donnent la paix pour voyager \u00e0 nouveau en forme. Le petit-d\u00e9jeuner ou la table d&rsquo;h\u00f4te peuvent \u00eatre r\u00e9serv\u00e9s tous les jours. Notre service de pain offre du pain frais, des croissants et des chocolats tous les matins.<\/p>\n<\/div><\/section><br \/>\n<section  class='av_textblock_section av-10g5jo-009fe08b085235be88dd11103ecd587a '   itemscope=\"itemscope\" itemtype=\"https:\/\/schema.org\/CreativeWork\" ><div class='avia_textblock'  itemprop=\"text\" >\n<\/div><\/section><br \/>\n\n<style type=\"text\/css\" data-created_by=\"avia_inline_auto\" id=\"style-css-av-oie3g-866573a60cf95b28ddbae3a3425bfd85\">\n#top .hr.hr-invisible.av-oie3g-866573a60cf95b28ddbae3a3425bfd85{\nheight:20px;\n}\n<\/style>\n<div  class='hr av-oie3g-866573a60cf95b28ddbae3a3425bfd85 hr-invisible  avia-builder-el-4  el_after_av_textblock  el_before_av_masonry_gallery  avia-builder-el-last '><span class='hr-inner '><span class=\"hr-inner-style\"><\/span><\/span><\/div><br \/>\n<div id='av-masonry-1' class='av-masonry av-kw8249ta-149e920bda5b2738f22d551a47f8d7e0 noHover av-flex-size av-large-gap av-hover-overlay- av-masonry-animation-active av-masonry-col-flexible av-caption-always av-caption-style- av-masonry-gallery ' data-post_id=\"8401\"><div class=\"av-masonry-container isotope av-js-disabled\"><div class='av-masonry-entry isotope-item av-masonry-item-no-image '><\/div><a href=\"https:\/\/mlttqp2obobx.i.optimole.com\/w:1030\/h:476\/q:mauto\/f:best\/https:\/\/bouysset.fr\/wp-content\/uploads\/2022\/01\/Bouysset-camp-juillet-2021.jpg\" data-srcset=\"https:\/\/mlttqp2obobx.i.optimole.com\/w:1030\/h:476\/q:mauto\/f:best\/https:\/\/bouysset.fr\/wp-content\/uploads\/2022\/01\/Bouysset-camp-juillet-2021.jpg 1030w, https:\/\/mlttqp2obobx.i.optimole.com\/w:300\/h:139\/q:mauto\/f:best\/https:\/\/bouysset.fr\/wp-content\/uploads\/2022\/01\/Bouysset-camp-juillet-2021.jpg 300w, https:\/\/mlttqp2obobx.i.optimole.com\/w:768\/h:355\/q:mauto\/f:best\/https:\/\/bouysset.fr\/wp-content\/uploads\/2022\/01\/Bouysset-camp-juillet-2021.jpg 768w, https:\/\/mlttqp2obobx.i.optimole.com\/w:1536\/h:710\/q:mauto\/f:best\/https:\/\/bouysset.fr\/wp-content\/uploads\/2022\/01\/Bouysset-camp-juillet-2021.jpg 1536w, https:\/\/mlttqp2obobx.i.optimole.com\/w:1500\/h:694\/q:mauto\/f:best\/https:\/\/bouysset.fr\/wp-content\/uploads\/2022\/01\/Bouysset-camp-juillet-2021.jpg 1500w, https:\/\/mlttqp2obobx.i.optimole.com\/w:705\/h:326\/q:mauto\/f:best\/https:\/\/bouysset.fr\/wp-content\/uploads\/2022\/01\/Bouysset-camp-juillet-2021.jpg 705w, https:\/\/mlttqp2obobx.i.optimole.com\/w:1920\/h:887\/q:mauto\/f:best\/https:\/\/bouysset.fr\/wp-content\/uploads\/2022\/01\/Bouysset-camp-juillet-2021.jpg 2048w\" data-sizes=\"(max-width: 1030px) 100vw, 1030px\"  aria-label=\"image Bouysset camp juillet 2021\"  id='av-masonry-1-item-8329' data-av-masonry-item='8329' class='av-masonry-entry isotope-item post-8329 attachment type-attachment status-inherit hentry  av-masonry-item-with-image' title=\"Bouysset camp juillet 2021\" alt=\"\"    itemprop=\"thumbnailUrl\" ><div class='av-inner-masonry-sizer'><\/div><figure class='av-inner-masonry main_color'><div class=\"av-masonry-outerimage-container\"><div class='av-masonry-image-container'  ><img data-opt-id=666207304  decoding=\"async\" width=\"705\" height=\"326\" fetchpriority=\"high\" class=\"wp-image-8329 avia-img-lazy-loading-not-8329\"  src=\"https:\/\/mlttqp2obobx.i.optimole.com\/w:705\/h:326\/q:mauto\/f:best\/https:\/\/bouysset.fr\/wp-content\/uploads\/2022\/01\/Bouysset-camp-juillet-2021.jpg\" title=\"Bouysset camp juillet 2021\" alt=\"\" srcset=\"https:\/\/mlttqp2obobx.i.optimole.com\/w:705\/h:326\/q:mauto\/f:best\/https:\/\/bouysset.fr\/wp-content\/uploads\/2022\/01\/Bouysset-camp-juillet-2021.jpg 705w, https:\/\/mlttqp2obobx.i.optimole.com\/w:300\/h:139\/q:mauto\/f:best\/https:\/\/bouysset.fr\/wp-content\/uploads\/2022\/01\/Bouysset-camp-juillet-2021.jpg 300w, https:\/\/mlttqp2obobx.i.optimole.com\/w:1030\/h:476\/q:mauto\/f:best\/https:\/\/bouysset.fr\/wp-content\/uploads\/2022\/01\/Bouysset-camp-juillet-2021.jpg 1030w, https:\/\/mlttqp2obobx.i.optimole.com\/w:768\/h:355\/q:mauto\/f:best\/https:\/\/bouysset.fr\/wp-content\/uploads\/2022\/01\/Bouysset-camp-juillet-2021.jpg 768w, https:\/\/mlttqp2obobx.i.optimole.com\/w:1536\/h:710\/q:mauto\/f:best\/https:\/\/bouysset.fr\/wp-content\/uploads\/2022\/01\/Bouysset-camp-juillet-2021.jpg 1536w, https:\/\/mlttqp2obobx.i.optimole.com\/w:1500\/h:694\/q:mauto\/f:best\/https:\/\/bouysset.fr\/wp-content\/uploads\/2022\/01\/Bouysset-camp-juillet-2021.jpg 1500w, https:\/\/mlttqp2obobx.i.optimole.com\/w:1920\/h:887\/q:mauto\/f:best\/https:\/\/bouysset.fr\/wp-content\/uploads\/2022\/01\/Bouysset-camp-juillet-2021.jpg 2048w\" sizes=\"(max-width: 705px) 100vw, 705px\" \/><\/div><\/div><\/figure><\/a><!--end av-masonry entry--><a href=\"https:\/\/mlttqp2obobx.i.optimole.com\/w:579\/h:1030\/q:mauto\/f:best\/https:\/\/bouysset.fr\/wp-content\/uploads\/2022\/01\/Bouysset-camp-bezoek-2021.jpg\" data-srcset=\"https:\/\/mlttqp2obobx.i.optimole.com\/w:579\/h:1030\/q:mauto\/f:best\/https:\/\/bouysset.fr\/wp-content\/uploads\/2022\/01\/Bouysset-camp-bezoek-2021-scaled.jpg 579w, https:\/\/mlttqp2obobx.i.optimole.com\/w:169\/h:300\/q:mauto\/f:best\/https:\/\/bouysset.fr\/wp-content\/uploads\/2022\/01\/Bouysset-camp-bezoek-2021-scaled.jpg 169w, https:\/\/mlttqp2obobx.i.optimole.com\/w:768\/h:1365\/q:mauto\/f:best\/https:\/\/bouysset.fr\/wp-content\/uploads\/2022\/01\/Bouysset-camp-bezoek-2021-scaled.jpg 768w, https:\/\/mlttqp2obobx.i.optimole.com\/w:864\/h:1536\/q:mauto\/f:best\/https:\/\/bouysset.fr\/wp-content\/uploads\/2022\/01\/Bouysset-camp-bezoek-2021-scaled.jpg 864w, https:\/\/mlttqp2obobx.i.optimole.com\/w:1152\/h:2048\/q:mauto\/f:best\/https:\/\/bouysset.fr\/wp-content\/uploads\/2022\/01\/Bouysset-camp-bezoek-2021-scaled.jpg 1152w, https:\/\/mlttqp2obobx.i.optimole.com\/w:844\/h:1500\/q:mauto\/f:best\/https:\/\/bouysset.fr\/wp-content\/uploads\/2022\/01\/Bouysset-camp-bezoek-2021-scaled.jpg 844w, https:\/\/mlttqp2obobx.i.optimole.com\/w:397\/h:705\/q:mauto\/f:best\/https:\/\/bouysset.fr\/wp-content\/uploads\/2022\/01\/Bouysset-camp-bezoek-2021-scaled.jpg 397w, https:\/\/mlttqp2obobx.i.optimole.com\/w:1440\/h:2560\/q:mauto\/f:best\/https:\/\/bouysset.fr\/wp-content\/uploads\/2022\/01\/Bouysset-camp-bezoek-2021-scaled.jpg 1440w\" data-sizes=\"(max-width: 579px) 100vw, 579px\"  aria-label=\"image Bouysset camp bezoek 2021\"  id='av-masonry-1-item-8325' data-av-masonry-item='8325' class='av-masonry-entry isotope-item post-8325 attachment type-attachment status-inherit hentry  av-masonry-item-with-image' title=\"Bouysset camp bezoek 2021\" alt=\"\"    itemprop=\"thumbnailUrl\" ><div class='av-inner-masonry-sizer'><\/div><figure class='av-inner-masonry main_color'><div class=\"av-masonry-outerimage-container\"><div class='av-masonry-image-container'  ><img data-opt-id=1943496124  decoding=\"async\" width=\"397\" height=\"705\" fetchpriority=\"high\" class=\"wp-image-8325 avia-img-lazy-loading-not-8325\"  src=\"https:\/\/mlttqp2obobx.i.optimole.com\/w:397\/h:705\/q:mauto\/f:best\/https:\/\/bouysset.fr\/wp-content\/uploads\/2022\/01\/Bouysset-camp-bezoek-2021.jpg\" title=\"Bouysset camp bezoek 2021\" alt=\"\" srcset=\"https:\/\/mlttqp2obobx.i.optimole.com\/w:397\/h:705\/q:mauto\/f:best\/https:\/\/bouysset.fr\/wp-content\/uploads\/2022\/01\/Bouysset-camp-bezoek-2021-scaled.jpg 397w, https:\/\/mlttqp2obobx.i.optimole.com\/w:169\/h:300\/q:mauto\/f:best\/https:\/\/bouysset.fr\/wp-content\/uploads\/2022\/01\/Bouysset-camp-bezoek-2021-scaled.jpg 169w, https:\/\/mlttqp2obobx.i.optimole.com\/w:579\/h:1030\/q:mauto\/f:best\/https:\/\/bouysset.fr\/wp-content\/uploads\/2022\/01\/Bouysset-camp-bezoek-2021-scaled.jpg 579w, https:\/\/mlttqp2obobx.i.optimole.com\/w:768\/h:1365\/q:mauto\/f:best\/https:\/\/bouysset.fr\/wp-content\/uploads\/2022\/01\/Bouysset-camp-bezoek-2021-scaled.jpg 768w, https:\/\/mlttqp2obobx.i.optimole.com\/w:864\/h:1536\/q:mauto\/f:best\/https:\/\/bouysset.fr\/wp-content\/uploads\/2022\/01\/Bouysset-camp-bezoek-2021-scaled.jpg 864w, https:\/\/mlttqp2obobx.i.optimole.com\/w:1152\/h:2048\/q:mauto\/f:best\/https:\/\/bouysset.fr\/wp-content\/uploads\/2022\/01\/Bouysset-camp-bezoek-2021-scaled.jpg 1152w, https:\/\/mlttqp2obobx.i.optimole.com\/w:844\/h:1500\/q:mauto\/f:best\/https:\/\/bouysset.fr\/wp-content\/uploads\/2022\/01\/Bouysset-camp-bezoek-2021-scaled.jpg 844w, https:\/\/mlttqp2obobx.i.optimole.com\/w:1440\/h:2560\/q:mauto\/f:best\/https:\/\/bouysset.fr\/wp-content\/uploads\/2022\/01\/Bouysset-camp-bezoek-2021-scaled.jpg 1440w\" sizes=\"(max-width: 397px) 100vw, 397px\" \/><\/div><\/div><\/figure><\/a><!--end av-masonry entry--><a href=\"https:\/\/mlttqp2obobx.i.optimole.com\/w:687\/h:1030\/q:mauto\/f:best\/https:\/\/bouysset.fr\/wp-content\/uploads\/2021\/11\/picasso3.jpg\" data-srcset=\"https:\/\/mlttqp2obobx.i.optimole.com\/w:687\/h:1030\/q:mauto\/f:best\/https:\/\/bouysset.fr\/wp-content\/uploads\/2021\/11\/picasso3-scaled.jpg 687w, https:\/\/mlttqp2obobx.i.optimole.com\/w:200\/h:300\/q:mauto\/f:best\/https:\/\/bouysset.fr\/wp-content\/uploads\/2021\/11\/picasso3-scaled.jpg 200w, https:\/\/mlttqp2obobx.i.optimole.com\/w:768\/h:1152\/q:mauto\/f:best\/https:\/\/bouysset.fr\/wp-content\/uploads\/2021\/11\/picasso3-scaled.jpg 768w, https:\/\/mlttqp2obobx.i.optimole.com\/w:1024\/h:1536\/q:mauto\/f:best\/https:\/\/bouysset.fr\/wp-content\/uploads\/2021\/11\/picasso3-scaled.jpg 1024w, https:\/\/mlttqp2obobx.i.optimole.com\/w:1365\/h:2048\/q:mauto\/f:best\/https:\/\/bouysset.fr\/wp-content\/uploads\/2021\/11\/picasso3-scaled.jpg 1365w, https:\/\/mlttqp2obobx.i.optimole.com\/w:1000\/h:1500\/q:mauto\/f:best\/https:\/\/bouysset.fr\/wp-content\/uploads\/2021\/11\/picasso3-scaled.jpg 1000w, https:\/\/mlttqp2obobx.i.optimole.com\/w:470\/h:705\/q:mauto\/f:best\/https:\/\/bouysset.fr\/wp-content\/uploads\/2021\/11\/picasso3-scaled.jpg 470w, https:\/\/mlttqp2obobx.i.optimole.com\/w:1707\/h:2560\/q:mauto\/f:best\/https:\/\/bouysset.fr\/wp-content\/uploads\/2021\/11\/picasso3-scaled.jpg 1707w\" data-sizes=\"(max-width: 687px) 100vw, 687px\"  aria-label=\"image picasso3\"  id='av-masonry-1-item-8011' data-av-masonry-item='8011' class='av-masonry-entry isotope-item post-8011 attachment type-attachment status-inherit hentry  av-masonry-item-with-image' title=\"picasso3\" alt=\"\"    itemprop=\"thumbnailUrl\" ><div class='av-inner-masonry-sizer'><\/div><figure class='av-inner-masonry main_color'><div class=\"av-masonry-outerimage-container\"><div class='av-masonry-image-container'  ><img data-opt-id=1672178020  data-opt-src=\"https:\/\/mlttqp2obobx.i.optimole.com\/w:470\/h:705\/q:mauto\/f:best\/https:\/\/bouysset.fr\/wp-content\/uploads\/2021\/11\/picasso3.jpg\"  decoding=\"async\" width=\"470\" height=\"705\"  class=\"wp-image-8011 avia-img-lazy-loading-not-8011\"  src=\"data:image/svg+xml,%3Csvg%20viewBox%3D%220%200%20470%20705%22%20width%3D%22470%22%20height%3D%22705%22%20xmlns%3D%22http%3A%2F%2Fwww.w3.org%2F2000%2Fsvg%22%3E%3Crect%20width%3D%22470%22%20height%3D%22705%22%20fill%3D%22transparent%22%2F%3E%3C%2Fsvg%3E\" title=\"picasso3\" alt=\"\" old-srcset=\"https:\/\/mlttqp2obobx.i.optimole.com\/w:470\/h:705\/q:mauto\/f:best\/https:\/\/bouysset.fr\/wp-content\/uploads\/2021\/11\/picasso3-scaled.jpg 470w, https:\/\/mlttqp2obobx.i.optimole.com\/w:200\/h:300\/q:mauto\/f:best\/https:\/\/bouysset.fr\/wp-content\/uploads\/2021\/11\/picasso3-scaled.jpg 200w, https:\/\/mlttqp2obobx.i.optimole.com\/w:687\/h:1030\/q:mauto\/f:best\/https:\/\/bouysset.fr\/wp-content\/uploads\/2021\/11\/picasso3-scaled.jpg 687w, https:\/\/mlttqp2obobx.i.optimole.com\/w:768\/h:1152\/q:mauto\/f:best\/https:\/\/bouysset.fr\/wp-content\/uploads\/2021\/11\/picasso3-scaled.jpg 768w, https:\/\/mlttqp2obobx.i.optimole.com\/w:1024\/h:1536\/q:mauto\/f:best\/https:\/\/bouysset.fr\/wp-content\/uploads\/2021\/11\/picasso3-scaled.jpg 1024w, https:\/\/mlttqp2obobx.i.optimole.com\/w:1365\/h:2048\/q:mauto\/f:best\/https:\/\/bouysset.fr\/wp-content\/uploads\/2021\/11\/picasso3-scaled.jpg 1365w, https:\/\/mlttqp2obobx.i.optimole.com\/w:1000\/h:1500\/q:mauto\/f:best\/https:\/\/bouysset.fr\/wp-content\/uploads\/2021\/11\/picasso3-scaled.jpg 1000w, https:\/\/mlttqp2obobx.i.optimole.com\/w:1707\/h:2560\/q:mauto\/f:best\/https:\/\/bouysset.fr\/wp-content\/uploads\/2021\/11\/picasso3-scaled.jpg 1707w\" \/><\/div><\/div><\/figure><\/a><!--end av-masonry entry--><a href=\"https:\/\/mlttqp2obobx.i.optimole.com\/w:1030\/h:618\/q:mauto\/f:best\/https:\/\/bouysset.fr\/wp-content\/uploads\/2020\/04\/20201.jpg\" data-srcset=\"https:\/\/mlttqp2obobx.i.optimole.com\/w:1030\/h:618\/q:mauto\/f:best\/https:\/\/bouysset.fr\/wp-content\/uploads\/2020\/04\/20201.jpg 1030w, https:\/\/mlttqp2obobx.i.optimole.com\/w:300\/h:180\/q:mauto\/f:best\/https:\/\/bouysset.fr\/wp-content\/uploads\/2020\/04\/20201.jpg 300w, https:\/\/mlttqp2obobx.i.optimole.com\/w:768\/h:461\/q:mauto\/f:best\/https:\/\/bouysset.fr\/wp-content\/uploads\/2020\/04\/20201.jpg 768w, https:\/\/mlttqp2obobx.i.optimole.com\/w:1536\/h:922\/q:mauto\/f:best\/https:\/\/bouysset.fr\/wp-content\/uploads\/2020\/04\/20201.jpg 1536w, https:\/\/mlttqp2obobx.i.optimole.com\/w:1920\/h:1152\/q:mauto\/f:best\/https:\/\/bouysset.fr\/wp-content\/uploads\/2020\/04\/20201.jpg 2048w, https:\/\/mlttqp2obobx.i.optimole.com\/w:1500\/h:900\/q:mauto\/f:best\/https:\/\/bouysset.fr\/wp-content\/uploads\/2020\/04\/20201.jpg 1500w, https:\/\/mlttqp2obobx.i.optimole.com\/w:705\/h:423\/q:mauto\/f:best\/https:\/\/bouysset.fr\/wp-content\/uploads\/2020\/04\/20201.jpg 705w\" data-sizes=\"(max-width: 1030px) 100vw, 1030px\"  aria-label=\"image 20201\"  id='av-masonry-1-item-6696' data-av-masonry-item='6696' class='av-masonry-entry isotope-item post-6696 attachment type-attachment status-inherit hentry  av-masonry-item-with-image' title=\"20201\" alt=\"faire de maison\"    itemprop=\"thumbnailUrl\" ><div class='av-inner-masonry-sizer'><\/div><figure class='av-inner-masonry main_color'><div class=\"av-masonry-outerimage-container\"><div class='av-masonry-image-container'  ><img data-opt-id=1404694227  data-opt-src=\"https:\/\/mlttqp2obobx.i.optimole.com\/w:705\/h:423\/q:mauto\/f:best\/https:\/\/bouysset.fr\/wp-content\/uploads\/2020\/04\/20201.jpg\"  decoding=\"async\" width=\"705\" height=\"423\"  class=\"wp-image-6696 avia-img-lazy-loading-not-6696\"  src=\"data:image/svg+xml,%3Csvg%20viewBox%3D%220%200%20705%20423%22%20width%3D%22705%22%20height%3D%22423%22%20xmlns%3D%22http%3A%2F%2Fwww.w3.org%2F2000%2Fsvg%22%3E%3Crect%20width%3D%22705%22%20height%3D%22423%22%20fill%3D%22transparent%22%2F%3E%3C%2Fsvg%3E\" title=\"20201\" alt=\"faire de maison\" old-srcset=\"https:\/\/mlttqp2obobx.i.optimole.com\/w:705\/h:423\/q:mauto\/f:best\/https:\/\/bouysset.fr\/wp-content\/uploads\/2020\/04\/20201.jpg 705w, https:\/\/mlttqp2obobx.i.optimole.com\/w:300\/h:180\/q:mauto\/f:best\/https:\/\/bouysset.fr\/wp-content\/uploads\/2020\/04\/20201.jpg 300w, https:\/\/mlttqp2obobx.i.optimole.com\/w:1030\/h:618\/q:mauto\/f:best\/https:\/\/bouysset.fr\/wp-content\/uploads\/2020\/04\/20201.jpg 1030w, https:\/\/mlttqp2obobx.i.optimole.com\/w:768\/h:461\/q:mauto\/f:best\/https:\/\/bouysset.fr\/wp-content\/uploads\/2020\/04\/20201.jpg 768w, https:\/\/mlttqp2obobx.i.optimole.com\/w:1536\/h:922\/q:mauto\/f:best\/https:\/\/bouysset.fr\/wp-content\/uploads\/2020\/04\/20201.jpg 1536w, https:\/\/mlttqp2obobx.i.optimole.com\/w:1920\/h:1152\/q:mauto\/f:best\/https:\/\/bouysset.fr\/wp-content\/uploads\/2020\/04\/20201.jpg 2048w, https:\/\/mlttqp2obobx.i.optimole.com\/w:1500\/h:900\/q:mauto\/f:best\/https:\/\/bouysset.fr\/wp-content\/uploads\/2020\/04\/20201.jpg 1500w\" \/><\/div><\/div><\/figure><\/a><!--end av-masonry entry--><a href=\"https:\/\/mlttqp2obobx.i.optimole.com\/w:1030\/h:687\/q:mauto\/f:best\/https:\/\/bouysset.fr\/wp-content\/uploads\/2019\/05\/IMG_2865.jpg\" data-srcset=\"https:\/\/mlttqp2obobx.i.optimole.com\/w:1030\/h:687\/q:mauto\/f:best\/https:\/\/bouysset.fr\/wp-content\/uploads\/2019\/05\/IMG_2865.jpg 1030w, https:\/\/mlttqp2obobx.i.optimole.com\/w:300\/h:200\/q:mauto\/f:best\/https:\/\/bouysset.fr\/wp-content\/uploads\/2019\/05\/IMG_2865.jpg 300w, https:\/\/mlttqp2obobx.i.optimole.com\/w:768\/h:512\/q:mauto\/f:best\/https:\/\/bouysset.fr\/wp-content\/uploads\/2019\/05\/IMG_2865.jpg 768w, https:\/\/mlttqp2obobx.i.optimole.com\/w:1500\/h:1000\/q:mauto\/f:best\/https:\/\/bouysset.fr\/wp-content\/uploads\/2019\/05\/IMG_2865.jpg 1500w, https:\/\/mlttqp2obobx.i.optimole.com\/w:705\/h:470\/q:mauto\/f:best\/https:\/\/bouysset.fr\/wp-content\/uploads\/2019\/05\/IMG_2865.jpg 705w, https:\/\/mlttqp2obobx.i.optimole.com\/w:450\/h:300\/q:mauto\/f:best\/https:\/\/bouysset.fr\/wp-content\/uploads\/2019\/05\/IMG_2865.jpg 450w\" data-sizes=\"(max-width: 1030px) 100vw, 1030px\"  aria-label=\"image Bouysset  voor ieder een plek\"  id='av-masonry-1-item-6406' data-av-masonry-item='6406' class='av-masonry-entry isotope-item post-6406 attachment type-attachment status-inherit hentry  av-masonry-item-with-image' title=\"Bouysset  voor ieder een plek\" alt=\"\"    itemprop=\"thumbnailUrl\" ><div class='av-inner-masonry-sizer'><\/div><figure class='av-inner-masonry main_color'><div class=\"av-masonry-outerimage-container\"><div class='av-masonry-image-container'  ><img data-opt-id=870627921  data-opt-src=\"https:\/\/mlttqp2obobx.i.optimole.com\/w:705\/h:470\/q:mauto\/f:best\/https:\/\/bouysset.fr\/wp-content\/uploads\/2019\/05\/IMG_2865.jpg\"  decoding=\"async\" width=\"705\" height=\"470\"  class=\"wp-image-6406 avia-img-lazy-loading-not-6406\"  src=\"data:image/svg+xml,%3Csvg%20viewBox%3D%220%200%20705%20470%22%20width%3D%22705%22%20height%3D%22470%22%20xmlns%3D%22http%3A%2F%2Fwww.w3.org%2F2000%2Fsvg%22%3E%3Crect%20width%3D%22705%22%20height%3D%22470%22%20fill%3D%22transparent%22%2F%3E%3C%2Fsvg%3E\" title=\"Bouysset  voor ieder een plek\" alt=\"\" old-srcset=\"https:\/\/mlttqp2obobx.i.optimole.com\/w:705\/h:470\/q:mauto\/f:best\/https:\/\/bouysset.fr\/wp-content\/uploads\/2019\/05\/IMG_2865.jpg 705w, https:\/\/mlttqp2obobx.i.optimole.com\/w:300\/h:200\/q:mauto\/f:best\/https:\/\/bouysset.fr\/wp-content\/uploads\/2019\/05\/IMG_2865.jpg 300w, https:\/\/mlttqp2obobx.i.optimole.com\/w:768\/h:512\/q:mauto\/f:best\/https:\/\/bouysset.fr\/wp-content\/uploads\/2019\/05\/IMG_2865.jpg 768w, https:\/\/mlttqp2obobx.i.optimole.com\/w:1030\/h:687\/q:mauto\/f:best\/https:\/\/bouysset.fr\/wp-content\/uploads\/2019\/05\/IMG_2865.jpg 1030w, https:\/\/mlttqp2obobx.i.optimole.com\/w:1500\/h:1000\/q:mauto\/f:best\/https:\/\/bouysset.fr\/wp-content\/uploads\/2019\/05\/IMG_2865.jpg 1500w, https:\/\/mlttqp2obobx.i.optimole.com\/w:450\/h:300\/q:mauto\/f:best\/https:\/\/bouysset.fr\/wp-content\/uploads\/2019\/05\/IMG_2865.jpg 450w\" \/><\/div><\/div><\/figure><\/a><!--end av-masonry entry--><a href=\"https:\/\/mlttqp2obobx.i.optimole.com\/w:1030\/h:687\/q:mauto\/f:best\/https:\/\/bouysset.fr\/wp-content\/uploads\/2018\/06\/IMG_1910.jpg\" data-srcset=\"https:\/\/mlttqp2obobx.i.optimole.com\/w:1030\/h:687\/q:mauto\/f:best\/https:\/\/bouysset.fr\/wp-content\/uploads\/2018\/06\/IMG_1910.jpg 1030w, https:\/\/mlttqp2obobx.i.optimole.com\/w:300\/h:200\/q:mauto\/f:best\/https:\/\/bouysset.fr\/wp-content\/uploads\/2018\/06\/IMG_1910.jpg 300w, https:\/\/mlttqp2obobx.i.optimole.com\/w:768\/h:512\/q:mauto\/f:best\/https:\/\/bouysset.fr\/wp-content\/uploads\/2018\/06\/IMG_1910.jpg 768w, https:\/\/mlttqp2obobx.i.optimole.com\/w:1500\/h:1000\/q:mauto\/f:best\/https:\/\/bouysset.fr\/wp-content\/uploads\/2018\/06\/IMG_1910.jpg 1500w, https:\/\/mlttqp2obobx.i.optimole.com\/w:705\/h:470\/q:mauto\/f:best\/https:\/\/bouysset.fr\/wp-content\/uploads\/2018\/06\/IMG_1910.jpg 705w, https:\/\/mlttqp2obobx.i.optimole.com\/w:450\/h:300\/q:mauto\/f:best\/https:\/\/bouysset.fr\/wp-content\/uploads\/2018\/06\/IMG_1910.jpg 450w\" data-sizes=\"(max-width: 1030px) 100vw, 1030px\"  aria-label=\"image Hol(e)Ten\"  id='av-masonry-1-item-5630' data-av-masonry-item='5630' class='av-masonry-entry isotope-item post-5630 attachment type-attachment status-inherit hentry  av-masonry-item-with-image' title=\"Hol(e)Ten\" alt=\"Bouysset Hol(e)Ten\"    itemprop=\"thumbnailUrl\" ><div class='av-inner-masonry-sizer'><\/div><figure class='av-inner-masonry main_color'><div class=\"av-masonry-outerimage-container\"><div class='av-masonry-image-container'  ><img data-opt-id=1759210952  data-opt-src=\"https:\/\/mlttqp2obobx.i.optimole.com\/w:705\/h:470\/q:mauto\/f:best\/https:\/\/bouysset.fr\/wp-content\/uploads\/2018\/06\/IMG_1910.jpg\"  decoding=\"async\" width=\"705\" height=\"470\"  class=\"wp-image-5630 avia-img-lazy-loading-not-5630\"  src=\"data:image/svg+xml,%3Csvg%20viewBox%3D%220%200%20705%20470%22%20width%3D%22705%22%20height%3D%22470%22%20xmlns%3D%22http%3A%2F%2Fwww.w3.org%2F2000%2Fsvg%22%3E%3Crect%20width%3D%22705%22%20height%3D%22470%22%20fill%3D%22transparent%22%2F%3E%3C%2Fsvg%3E\" title=\"Hol(e)Ten\" alt=\"Bouysset Hol(e)Ten\" old-srcset=\"https:\/\/mlttqp2obobx.i.optimole.com\/w:705\/h:470\/q:mauto\/f:best\/https:\/\/bouysset.fr\/wp-content\/uploads\/2018\/06\/IMG_1910.jpg 705w, https:\/\/mlttqp2obobx.i.optimole.com\/w:300\/h:200\/q:mauto\/f:best\/https:\/\/bouysset.fr\/wp-content\/uploads\/2018\/06\/IMG_1910.jpg 300w, https:\/\/mlttqp2obobx.i.optimole.com\/w:768\/h:512\/q:mauto\/f:best\/https:\/\/bouysset.fr\/wp-content\/uploads\/2018\/06\/IMG_1910.jpg 768w, https:\/\/mlttqp2obobx.i.optimole.com\/w:1030\/h:687\/q:mauto\/f:best\/https:\/\/bouysset.fr\/wp-content\/uploads\/2018\/06\/IMG_1910.jpg 1030w, https:\/\/mlttqp2obobx.i.optimole.com\/w:1500\/h:1000\/q:mauto\/f:best\/https:\/\/bouysset.fr\/wp-content\/uploads\/2018\/06\/IMG_1910.jpg 1500w, https:\/\/mlttqp2obobx.i.optimole.com\/w:450\/h:300\/q:mauto\/f:best\/https:\/\/bouysset.fr\/wp-content\/uploads\/2018\/06\/IMG_1910.jpg 450w\" \/><\/div><\/div><\/figure><\/a><!--end av-masonry entry--><\/div><\/div><\/p><\/div><div class='av-flex-placeholder'><\/div>\n<style type=\"text\/css\" data-created_by=\"avia_inline_auto\" id=\"style-css-av-flczw-13eef10d34ced2d08a1fc74ccb83dfb5\">\n.flex_column.av-flczw-13eef10d34ced2d08a1fc74ccb83dfb5{\nborder-radius:0px 0px 0px 0px;\npadding:2% 2% 2% 2%;\nbackground:url(https:\/\/mlttqp2obobx.i.optimole.com\/w:1030\/h:1030\/q:mauto\/f:best\/https:\/\/bouysset.fr\/wp-content\/uploads\/2017\/07\/Logo_bouysset-Transparant-achtergrond-1.png) 50% 50% no-repeat scroll #f4f4ed;\n}\n<\/style>\n<div  class='flex_column av-flczw-13eef10d34ced2d08a1fc74ccb83dfb5 av_one_third  avia-builder-el-6  el_after_av_two_third  avia-builder-el-last  flex_column_table_cell av-equal-height-column av-align-top avia-full-contain  '     ><\/div><\/div><!--close column table wrapper. Autoclose: 1 -->\n","protected":false},"excerpt":{"rendered":"","protected":false},"author":7,"featured_media":0,"parent":7495,"menu_order":0,"comment_status":"closed","ping_status":"closed","template":"","meta":{"_seopress_robots_primary_cat":"","_seopress_titles_title":"","_seopress_titles_desc":"","_seopress_robots_index":"","footnotes":""},"class_list":["post-8401","page","type-page","status-publish","hentry"],"_links":{"self":[{"href":"https:\/\/bouysset.fr\/fr\/wp-json\/wp\/v2\/pages\/8401","targetHints":{"allow":["GET"]}}],"collection":[{"href":"https:\/\/bouysset.fr\/fr\/wp-json\/wp\/v2\/pages"}],"about":[{"href":"https:\/\/bouysset.fr\/fr\/wp-json\/wp\/v2\/types\/page"}],"author":[{"embeddable":true,"href":"https:\/\/bouysset.fr\/fr\/wp-json\/wp\/v2\/users\/7"}],"replies":[{"embeddable":true,"href":"https:\/\/bouysset.fr\/fr\/wp-json\/wp\/v2\/comments?post=8401"}],"version-history":[{"count":2,"href":"https:\/\/bouysset.fr\/fr\/wp-json\/wp\/v2\/pages\/8401\/revisions"}],"predecessor-version":[{"id":8403,"href":"https:\/\/bouysset.fr\/fr\/wp-json\/wp\/v2\/pages\/8401\/revisions\/8403"}],"up":[{"embeddable":true,"href":"https:\/\/bouysset.fr\/fr\/wp-json\/wp\/v2\/pages\/7495"}],"wp:attachment":[{"href":"https:\/\/bouysset.fr\/fr\/wp-json\/wp\/v2\/media?parent=8401"}],"curies":[{"name":"wp","href":"https:\/\/api.w.org\/{rel}","templated":true}]}}